{"id":150,"date":"2024-06-11T11:50:44","date_gmt":"2024-06-11T11:50:44","guid":{"rendered":"https:\/\/maalaritampere.fi\/?page_id=150"},"modified":"2024-06-18T12:27:58","modified_gmt":"2024-06-18T12:27:58","slug":"yhteystiedot","status":"publish","type":"page","link":"https:\/\/maalaritampere.fi\/?page_id=150","title":{"rendered":"Yhteystiedot"},"content":{"rendered":"\t\t<div data-elementor-type=\"wp-page\" data-elementor-id=\"150\" class=\"elementor elementor-150\" data-elementor-post-type=\"page\">\n\t\t\t\t<div class=\"elementor-element elementor-element-771c3f4 e-con-full e-flex e-con e-parent\" data-id=\"771c3f4\" data-element_type=\"container\" data-settings=\"{&quot;background_background&quot;:&quot;classic&quot;}\">\n\t\t<div class=\"elementor-element elementor-element-2674069 e-flex e-con-boxed e-con e-child\" data-id=\"2674069\" data-element_type=\"container\">\n\t\t\t\t\t<div class=\"e-con-inner\">\n\t\t\t\t<div class=\"elementor-element elementor-element-df9df46 elementor-widget elementor-widget-heading\" data-id=\"df9df46\" data-element_type=\"widget\" data-widget_type=\"heading.default\">\n\t\t\t\t<div class=\"elementor-widget-container\">\n\t\t\t\t\t<h2 class=\"elementor-heading-title elementor-size-default\">Ollaan yhteydess\u00e4!<\/h2>\t\t\t\t<\/div>\n\t\t\t\t<\/div>\n\t\t\t\t\t<\/div>\n\t\t\t\t<\/div>\n\t\t\t\t<\/div>\n\t\t<div class=\"elementor-element elementor-element-918aec9 e-flex e-con-boxed e-con e-parent\" data-id=\"918aec9\" data-element_type=\"container\" data-settings=\"{&quot;background_background&quot;:&quot;classic&quot;}\">\n\t\t\t\t\t<div class=\"e-con-inner\">\n\t\t<div class=\"elementor-element elementor-element-83a89d8 e-con-full e-flex e-con e-child\" data-id=\"83a89d8\" data-element_type=\"container\">\n\t\t\t\t<div class=\"elementor-element elementor-element-1968a37 elementor-widget elementor-widget-heading\" data-id=\"1968a37\" data-element_type=\"widget\" data-widget_type=\"heading.default\">\n\t\t\t\t<div class=\"elementor-widget-container\">\n\t\t\t\t\t<h2 class=\"elementor-heading-title elementor-size-default\">Ota yhteytt\u00e4 lomakkeella<\/h2>\t\t\t\t<\/div>\n\t\t\t\t<\/div>\n\t\t\t\t<div class=\"elementor-element elementor-element-3794e34 elementor-button-align-stretch elementor-widget elementor-widget-form\" data-id=\"3794e34\" data-element_type=\"widget\" data-settings=\"{&quot;step_next_label&quot;:&quot;Next&quot;,&quot;step_previous_label&quot;:&quot;Edellinen&quot;,&quot;button_width&quot;:&quot;100&quot;,&quot;step_type&quot;:&quot;number_text&quot;,&quot;step_icon_shape&quot;:&quot;circle&quot;}\" data-widget_type=\"form.default\">\n\t\t\t\t<div class=\"elementor-widget-container\">\n\t\t\t\t\t\t\t<form class=\"elementor-form\" method=\"post\" name=\"New Form\" aria-label=\"New Form\">\n\t\t\t<input type=\"hidden\" name=\"post_id\" value=\"150\"\/>\n\t\t\t<input type=\"hidden\" name=\"form_id\" value=\"3794e34\"\/>\n\t\t\t<input type=\"hidden\" name=\"referer_title\" value=\"Maalari Tampere\" \/>\n\n\t\t\t\n\t\t\t<div class=\"elementor-form-fields-wrapper elementor-labels-above\">\n\t\t\t\t\t\t\t\t<div class=\"elementor-field-type-text elementor-field-group elementor-column elementor-field-group-name elementor-col-100 elementor-field-required\">\n\t\t\t\t\t\t\t\t\t\t\t\t\t<input size=\"1\" type=\"text\" name=\"form_fields[name]\" id=\"form-field-name\" class=\"elementor-field elementor-size-sm  elementor-field-textual\" placeholder=\"Nimi\" required=\"required\">\n\t\t\t\t\t\t\t\t\t\t\t<\/div>\n\t\t\t\t\t\t\t\t<div class=\"elementor-field-type-email elementor-field-group elementor-column elementor-field-group-email elementor-col-100 elementor-field-required\">\n\t\t\t\t\t\t\t\t\t\t\t\t\t<input size=\"1\" type=\"email\" name=\"form_fields[email]\" id=\"form-field-email\" class=\"elementor-field elementor-size-sm  elementor-field-textual\" placeholder=\"S\u00e4hk\u00f6posti\" required=\"required\">\n\t\t\t\t\t\t\t\t\t\t\t<\/div>\n\t\t\t\t\t\t\t\t<div class=\"elementor-field-type-tel elementor-field-group elementor-column elementor-field-group-field_a26f2c6 elementor-col-100 elementor-field-required\">\n\t\t\t\t\t\t\t<input size=\"1\" type=\"tel\" name=\"form_fields[field_a26f2c6]\" id=\"form-field-field_a26f2c6\" class=\"elementor-field elementor-size-sm  elementor-field-textual\" placeholder=\"Puhelinnumero\" required=\"required\" pattern=\"[0-9()#&amp;+*-=.]+\" title=\"Only numbers and phone characters (#, -, *, etc) are accepted.\">\n\n\t\t\t\t\t\t<\/div>\n\t\t\t\t\t\t\t\t<div class=\"elementor-field-type-select elementor-field-group elementor-column elementor-field-group-field_ef7be7c elementor-col-100\">\n\t\t\t\t\t\t\t\t\t\t\t\t<label for=\"form-field-field_ef7be7c\" class=\"elementor-field-label\">\n\t\t\t\t\t\t\t\tYhteydenoton syy\t\t\t\t\t\t\t<\/label>\n\t\t\t\t\t\t\t\t<div class=\"elementor-field elementor-select-wrapper remove-before \">\n\t\t\t<div class=\"select-caret-down-wrapper\">\n\t\t\t\t<svg aria-hidden=\"true\" class=\"e-font-icon-svg e-eicon-caret-down\" viewBox=\"0 0 571.4 571.4\" xmlns=\"http:\/\/www.w3.org\/2000\/svg\"><path d=\"M571 393Q571 407 561 418L311 668Q300 679 286 679T261 668L11 418Q0 407 0 393T11 368 36 357H536Q550 357 561 368T571 393Z\"><\/path><\/svg>\t\t\t<\/div>\n\t\t\t<select name=\"form_fields[field_ef7be7c]\" id=\"form-field-field_ef7be7c\" class=\"elementor-field-textual elementor-size-sm\">\n\t\t\t\t\t\t\t\t\t<option value=\"Tarjouspyynt\u00f6\">Tarjouspyynt\u00f6<\/option>\n\t\t\t\t\t\t\t\t\t<option value=\"Palaute\">Palaute<\/option>\n\t\t\t\t\t\t\t\t\t<option value=\"Muu yhteydenotto\">Muu yhteydenotto<\/option>\n\t\t\t\t\t\t\t<\/select>\n\t\t<\/div>\n\t\t\t\t\t\t<\/div>\n\t\t\t\t\t\t\t\t<div class=\"elementor-field-type-textarea elementor-field-group elementor-column elementor-field-group-message elementor-col-100\">\n\t\t\t\t\t<textarea class=\"elementor-field-textual elementor-field  elementor-size-sm\" name=\"form_fields[message]\" id=\"form-field-message\" rows=\"4\" placeholder=\"Kirjoita viestisi t\u00e4h\u00e4n...\"><\/textarea>\t\t\t\t<\/div>\n\t\t\t\t\t\t\t\t<div class=\"elementor-field-group elementor-column elementor-field-type-submit elementor-col-100 e-form__buttons\">\n\t\t\t\t\t<button class=\"elementor-button elementor-size-sm\" type=\"submit\">\n\t\t\t\t\t\t<span class=\"elementor-button-content-wrapper\">\n\t\t\t\t\t\t\t\t\t\t\t\t\t\t\t\t\t\t\t\t\t\t<span class=\"elementor-button-text\">L\u00e4het\u00e4<\/span>\n\t\t\t\t\t\t\t\t\t\t\t\t\t<\/span>\n\t\t\t\t\t<\/button>\n\t\t\t\t<\/div>\n\t\t\t<\/div>\n\t\t<\/form>\n\t\t\t\t\t\t<\/div>\n\t\t\t\t<\/div>\n\t\t\t\t<div class=\"elementor-element elementor-element-a261e6d elementor-widget elementor-widget-heading\" data-id=\"a261e6d\" data-element_type=\"widget\" data-widget_type=\"heading.default\">\n\t\t\t\t<div class=\"elementor-widget-container\">\n\t\t\t\t\t<h2 class=\"elementor-heading-title elementor-size-default\"><a href=\"\/rekisteri-ja-tietosuojaseloste\">*L\u00e4hett\u00e4m\u00e4ll\u00e4 lomakkeen,  hyv\u00e4ksyt rekisteri- ja tietosuojaselosteen mukaisen tietojen k\u00e4sittelyn.<\/a><\/h2>\t\t\t\t<\/div>\n\t\t\t\t<\/div>\n\t\t\t\t<\/div>\n\t\t<div class=\"elementor-element elementor-element-a4da776 e-con-full e-flex e-con e-child\" data-id=\"a4da776\" data-element_type=\"container\">\n\t\t\t\t<div class=\"elementor-element elementor-element-567ad70 elementor-widget elementor-widget-image\" data-id=\"567ad70\" data-element_type=\"widget\" data-widget_type=\"image.default\">\n\t\t\t\t<div class=\"elementor-widget-container\">\n\t\t\t\t\t\t\t\t\t\t\t\t\t\t\t<img fetchpriority=\"high\" decoding=\"async\" width=\"800\" height=\"1000\" src=\"https:\/\/maalaritampere.fi\/wp-content\/uploads\/2024\/06\/Onnenmaali-henkilokuva-Santtu-819x1024.png\" class=\"attachment-large size-large wp-image-251\" alt=\"\" srcset=\"https:\/\/maalaritampere.fi\/wp-content\/uploads\/2024\/06\/Onnenmaali-henkilokuva-Santtu-819x1024.png 819w, https:\/\/maalaritampere.fi\/wp-content\/uploads\/2024\/06\/Onnenmaali-henkilokuva-Santtu-240x300.png 240w, https:\/\/maalaritampere.fi\/wp-content\/uploads\/2024\/06\/Onnenmaali-henkilokuva-Santtu-768x960.png 768w, https:\/\/maalaritampere.fi\/wp-content\/uploads\/2024\/06\/Onnenmaali-henkilokuva-Santtu.png 864w\" sizes=\"(max-width: 800px) 100vw, 800px\" \/>\t\t\t\t\t\t\t\t\t\t\t\t\t\t\t<\/div>\n\t\t\t\t<\/div>\n\t\t\t\t<div class=\"elementor-element elementor-element-7dbe74b elementor-widget elementor-widget-heading\" data-id=\"7dbe74b\" data-element_type=\"widget\" data-widget_type=\"heading.default\">\n\t\t\t\t<div class=\"elementor-widget-container\">\n\t\t\t\t\t<h2 class=\"elementor-heading-title elementor-size-default\">Santtu Niinim\u00e4ki<\/h2>\t\t\t\t<\/div>\n\t\t\t\t<\/div>\n\t\t\t\t<div class=\"elementor-element elementor-element-922fe47 elementor-widget elementor-widget-heading\" data-id=\"922fe47\" data-element_type=\"widget\" data-widget_type=\"heading.default\">\n\t\t\t\t<div class=\"elementor-widget-container\">\n\t\t\t\t\t<h2 class=\"elementor-heading-title elementor-size-default\">Myynti<\/h2>\t\t\t\t<\/div>\n\t\t\t\t<\/div>\n\t\t\t\t<div class=\"elementor-element elementor-element-0e842ca elementor-align-center elementor-icon-list--layout-traditional elementor-list-item-link-full_width elementor-widget elementor-widget-icon-list\" data-id=\"0e842ca\" data-element_type=\"widget\" data-widget_type=\"icon-list.default\">\n\t\t\t\t<div class=\"elementor-widget-container\">\n\t\t\t\t\t\t\t<ul class=\"elementor-icon-list-items\">\n\t\t\t\t\t\t\t<li class=\"elementor-icon-list-item\">\n\t\t\t\t\t\t\t\t\t\t\t<span class=\"elementor-icon-list-icon\">\n\t\t\t\t\t\t\t<svg aria-hidden=\"true\" class=\"e-font-icon-svg e-fas-envelope\" viewBox=\"0 0 512 512\" xmlns=\"http:\/\/www.w3.org\/2000\/svg\"><path d=\"M502.3 190.8c3.9-3.1 9.7-.2 9.7 4.7V400c0 26.5-21.5 48-48 48H48c-26.5 0-48-21.5-48-48V195.6c0-5 5.7-7.8 9.7-4.7 22.4 17.4 52.1 39.5 154.1 113.6 21.1 15.4 56.7 47.8 92.2 47.6 35.7.3 72-32.8 92.3-47.6 102-74.1 131.6-96.3 154-113.7zM256 320c23.2.4 56.6-29.2 73.4-41.4 132.7-96.3 142.8-104.7 173.4-128.7 5.8-4.5 9.2-11.5 9.2-18.9v-19c0-26.5-21.5-48-48-48H48C21.5 64 0 85.5 0 112v19c0 7.4 3.4 14.3 9.2 18.9 30.6 23.9 40.7 32.4 173.4 128.7 16.8 12.2 50.2 41.8 73.4 41.4z\"><\/path><\/svg>\t\t\t\t\t\t<\/span>\n\t\t\t\t\t\t\t\t\t\t<span class=\"elementor-icon-list-text\">santtu@onnenmaali.fi<\/span>\n\t\t\t\t\t\t\t\t\t<\/li>\n\t\t\t\t\t\t\t\t<li class=\"elementor-icon-list-item\">\n\t\t\t\t\t\t\t\t\t\t\t<a href=\"tel:+358%2045%20103%203783\">\n\n\t\t\t\t\t\t\t\t\t\t\t\t<span class=\"elementor-icon-list-icon\">\n\t\t\t\t\t\t\t<svg aria-hidden=\"true\" class=\"e-font-icon-svg e-fas-phone-alt\" viewBox=\"0 0 512 512\" xmlns=\"http:\/\/www.w3.org\/2000\/svg\"><path d=\"M497.39 361.8l-112-48a24 24 0 0 0-28 6.9l-49.6 60.6A370.66 370.66 0 0 1 130.6 204.11l60.6-49.6a23.94 23.94 0 0 0 6.9-28l-48-112A24.16 24.16 0 0 0 122.6.61l-104 24A24 24 0 0 0 0 48c0 256.5 207.9 464 464 464a24 24 0 0 0 23.4-18.6l24-104a24.29 24.29 0 0 0-14.01-27.6z\"><\/path><\/svg>\t\t\t\t\t\t<\/span>\n\t\t\t\t\t\t\t\t\t\t<span class=\"elementor-icon-list-text\">+358 45 103 3783<\/span>\n\t\t\t\t\t\t\t\t\t\t\t<\/a>\n\t\t\t\t\t\t\t\t\t<\/li>\n\t\t\t\t\t\t\t\t<li class=\"elementor-icon-list-item\">\n\t\t\t\t\t\t\t\t\t\t\t<span class=\"elementor-icon-list-icon\">\n\t\t\t\t\t\t\t<svg aria-hidden=\"true\" class=\"e-font-icon-svg e-far-building\" viewBox=\"0 0 448 512\" xmlns=\"http:\/\/www.w3.org\/2000\/svg\"><path d=\"M128 148v-40c0-6.6 5.4-12 12-12h40c6.6 0 12 5.4 12 12v40c0 6.6-5.4 12-12 12h-40c-6.6 0-12-5.4-12-12zm140 12h40c6.6 0 12-5.4 12-12v-40c0-6.6-5.4-12-12-12h-40c-6.6 0-12 5.4-12 12v40c0 6.6 5.4 12 12 12zm-128 96h40c6.6 0 12-5.4 12-12v-40c0-6.6-5.4-12-12-12h-40c-6.6 0-12 5.4-12 12v40c0 6.6 5.4 12 12 12zm128 0h40c6.6 0 12-5.4 12-12v-40c0-6.6-5.4-12-12-12h-40c-6.6 0-12 5.4-12 12v40c0 6.6 5.4 12 12 12zm-76 84v-40c0-6.6-5.4-12-12-12h-40c-6.6 0-12 5.4-12 12v40c0 6.6 5.4 12 12 12h40c6.6 0 12-5.4 12-12zm76 12h40c6.6 0 12-5.4 12-12v-40c0-6.6-5.4-12-12-12h-40c-6.6 0-12 5.4-12 12v40c0 6.6 5.4 12 12 12zm180 124v36H0v-36c0-6.6 5.4-12 12-12h19.5V24c0-13.3 10.7-24 24-24h337c13.3 0 24 10.7 24 24v440H436c6.6 0 12 5.4 12 12zM79.5 463H192v-67c0-6.6 5.4-12 12-12h40c6.6 0 12 5.4 12 12v67h112.5V49L80 48l-.5 415z\"><\/path><\/svg>\t\t\t\t\t\t<\/span>\n\t\t\t\t\t\t\t\t\t\t<span class=\"elementor-icon-list-text\">Onnenmaali Oy<\/span>\n\t\t\t\t\t\t\t\t\t<\/li>\n\t\t\t\t\t\t<\/ul>\n\t\t\t\t\t\t<\/div>\n\t\t\t\t<\/div>\n\t\t\t\t<\/div>\n\t\t\t\t\t<\/div>\n\t\t\t\t<\/div>\n\t\t\t\t<\/div>\n\t\t","protected":false},"excerpt":{"rendered":"<p>Ollaan yhteydess\u00e4! Ota yhteytt\u00e4 lomakkeella *L\u00e4hett\u00e4m\u00e4ll\u00e4 lomakkeen, hyv\u00e4ksyt rekisteri- ja tietosuojaselosteen mukaisen tietojen k\u00e4sittelyn. Santtu Niinim\u00e4ki Myynti santtu@onnenmaali.fi +358 45 103 3783 Onnenmaali Oy<\/p>\n","protected":false},"author":1,"featured_media":0,"parent":0,"menu_order":0,"comment_status":"closed","ping_status":"closed","template":"","meta":{"footnotes":""},"yoast_head":"<!-- This site is optimized with the Yoast SEO plugin v24.5 - https:\/\/yoast.com\/wordpress\/plugins\/seo\/ -->\n<title>Yhteystiedot - Maalari Tampere<\/title>\n<meta name=\"robots\" content=\"index, follow, max-snippet:-1, max-image-preview:large, max-video-preview:-1\" \/>\n<link rel=\"canonical\" href=\"https:\/\/maalaritampere.fi\/?page_id=150\" \/>\n<meta property=\"og:locale\" content=\"fi_FI\" \/>\n<meta property=\"og:type\" content=\"article\" \/>\n<meta property=\"og:title\" content=\"Yhteystiedot - Maalari Tampere\" \/>\n<meta property=\"og:description\" content=\"Ollaan yhteydess\u00e4! Ota yhteytt\u00e4 lomakkeella *L\u00e4hett\u00e4m\u00e4ll\u00e4 lomakkeen, hyv\u00e4ksyt rekisteri- ja tietosuojaselosteen mukaisen tietojen k\u00e4sittelyn. Santtu Niinim\u00e4ki Myynti santtu@onnenmaali.fi +358 45 103 3783 Onnenmaali Oy\" \/>\n<meta property=\"og:url\" content=\"https:\/\/maalaritampere.fi\/?page_id=150\" \/>\n<meta property=\"og:site_name\" content=\"Maalari Tampere\" \/>\n<meta property=\"article:modified_time\" content=\"2024-06-18T12:27:58+00:00\" \/>\n<meta property=\"og:image\" content=\"https:\/\/maalaritampere.fi\/wp-content\/uploads\/2024\/06\/Onnenmaali-henkilokuva-Santtu-819x1024.png\" \/>\n<meta name=\"twitter:card\" content=\"summary_large_image\" \/>\n<meta name=\"twitter:label1\" content=\"Arvioitu lukuaika\" \/>\n\t<meta name=\"twitter:data1\" content=\"1 minuutti\" \/>\n<script type=\"application\/ld+json\" class=\"yoast-schema-graph\">{\"@context\":\"https:\/\/schema.org\",\"@graph\":[{\"@type\":\"WebPage\",\"@id\":\"https:\/\/maalaritampere.fi\/?page_id=150\",\"url\":\"https:\/\/maalaritampere.fi\/?page_id=150\",\"name\":\"Yhteystiedot - Maalari Tampere\",\"isPartOf\":{\"@id\":\"https:\/\/maalaritampere.fi\/#website\"},\"primaryImageOfPage\":{\"@id\":\"https:\/\/maalaritampere.fi\/?page_id=150#primaryimage\"},\"image\":{\"@id\":\"https:\/\/maalaritampere.fi\/?page_id=150#primaryimage\"},\"thumbnailUrl\":\"https:\/\/maalaritampere.fi\/wp-content\/uploads\/2024\/06\/Onnenmaali-henkilokuva-Santtu-819x1024.png\",\"datePublished\":\"2024-06-11T11:50:44+00:00\",\"dateModified\":\"2024-06-18T12:27:58+00:00\",\"breadcrumb\":{\"@id\":\"https:\/\/maalaritampere.fi\/?page_id=150#breadcrumb\"},\"inLanguage\":\"fi\",\"potentialAction\":[{\"@type\":\"ReadAction\",\"target\":[\"https:\/\/maalaritampere.fi\/?page_id=150\"]}]},{\"@type\":\"ImageObject\",\"inLanguage\":\"fi\",\"@id\":\"https:\/\/maalaritampere.fi\/?page_id=150#primaryimage\",\"url\":\"https:\/\/maalaritampere.fi\/wp-content\/uploads\/2024\/06\/Onnenmaali-henkilokuva-Santtu.png\",\"contentUrl\":\"https:\/\/maalaritampere.fi\/wp-content\/uploads\/2024\/06\/Onnenmaali-henkilokuva-Santtu.png\",\"width\":864,\"height\":1080},{\"@type\":\"BreadcrumbList\",\"@id\":\"https:\/\/maalaritampere.fi\/?page_id=150#breadcrumb\",\"itemListElement\":[{\"@type\":\"ListItem\",\"position\":1,\"name\":\"Etusivu\",\"item\":\"https:\/\/maalaritampere.fi\/\"},{\"@type\":\"ListItem\",\"position\":2,\"name\":\"Yhteystiedot\"}]},{\"@type\":\"WebSite\",\"@id\":\"https:\/\/maalaritampere.fi\/#website\",\"url\":\"https:\/\/maalaritampere.fi\/\",\"name\":\"Maalari Tampere\",\"description\":\"Talon maalaukset yli 300 talon kokemuksella\",\"potentialAction\":[{\"@type\":\"SearchAction\",\"target\":{\"@type\":\"EntryPoint\",\"urlTemplate\":\"https:\/\/maalaritampere.fi\/?s={search_term_string}\"},\"query-input\":{\"@type\":\"PropertyValueSpecification\",\"valueRequired\":true,\"valueName\":\"search_term_string\"}}],\"inLanguage\":\"fi\"}]}<\/script>\n<!-- \/ Yoast SEO plugin. -->","yoast_head_json":{"title":"Yhteystiedot - Maalari Tampere","robots":{"index":"index","follow":"follow","max-snippet":"max-snippet:-1","max-image-preview":"max-image-preview:large","max-video-preview":"max-video-preview:-1"},"canonical":"https:\/\/maalaritampere.fi\/?page_id=150","og_locale":"fi_FI","og_type":"article","og_title":"Yhteystiedot - Maalari Tampere","og_description":"Ollaan yhteydess\u00e4! Ota yhteytt\u00e4 lomakkeella *L\u00e4hett\u00e4m\u00e4ll\u00e4 lomakkeen, hyv\u00e4ksyt rekisteri- ja tietosuojaselosteen mukaisen tietojen k\u00e4sittelyn. Santtu Niinim\u00e4ki Myynti santtu@onnenmaali.fi +358 45 103 3783 Onnenmaali Oy","og_url":"https:\/\/maalaritampere.fi\/?page_id=150","og_site_name":"Maalari Tampere","article_modified_time":"2024-06-18T12:27:58+00:00","og_image":[{"url":"https:\/\/maalaritampere.fi\/wp-content\/uploads\/2024\/06\/Onnenmaali-henkilokuva-Santtu-819x1024.png","type":"","width":"","height":""}],"twitter_card":"summary_large_image","twitter_misc":{"Arvioitu lukuaika":"1 minuutti"},"schema":{"@context":"https:\/\/schema.org","@graph":[{"@type":"WebPage","@id":"https:\/\/maalaritampere.fi\/?page_id=150","url":"https:\/\/maalaritampere.fi\/?page_id=150","name":"Yhteystiedot - Maalari Tampere","isPartOf":{"@id":"https:\/\/maalaritampere.fi\/#website"},"primaryImageOfPage":{"@id":"https:\/\/maalaritampere.fi\/?page_id=150#primaryimage"},"image":{"@id":"https:\/\/maalaritampere.fi\/?page_id=150#primaryimage"},"thumbnailUrl":"https:\/\/maalaritampere.fi\/wp-content\/uploads\/2024\/06\/Onnenmaali-henkilokuva-Santtu-819x1024.png","datePublished":"2024-06-11T11:50:44+00:00","dateModified":"2024-06-18T12:27:58+00:00","breadcrumb":{"@id":"https:\/\/maalaritampere.fi\/?page_id=150#breadcrumb"},"inLanguage":"fi","potentialAction":[{"@type":"ReadAction","target":["https:\/\/maalaritampere.fi\/?page_id=150"]}]},{"@type":"ImageObject","inLanguage":"fi","@id":"https:\/\/maalaritampere.fi\/?page_id=150#primaryimage","url":"https:\/\/maalaritampere.fi\/wp-content\/uploads\/2024\/06\/Onnenmaali-henkilokuva-Santtu.png","contentUrl":"https:\/\/maalaritampere.fi\/wp-content\/uploads\/2024\/06\/Onnenmaali-henkilokuva-Santtu.png","width":864,"height":1080},{"@type":"BreadcrumbList","@id":"https:\/\/maalaritampere.fi\/?page_id=150#breadcrumb","itemListElement":[{"@type":"ListItem","position":1,"name":"Etusivu","item":"https:\/\/maalaritampere.fi\/"},{"@type":"ListItem","position":2,"name":"Yhteystiedot"}]},{"@type":"WebSite","@id":"https:\/\/maalaritampere.fi\/#website","url":"https:\/\/maalaritampere.fi\/","name":"Maalari Tampere","description":"Talon maalaukset yli 300 talon kokemuksella","potentialAction":[{"@type":"SearchAction","target":{"@type":"EntryPoint","urlTemplate":"https:\/\/maalaritampere.fi\/?s={search_term_string}"},"query-input":{"@type":"PropertyValueSpecification","valueRequired":true,"valueName":"search_term_string"}}],"inLanguage":"fi"}]}},"_links":{"self":[{"href":"https:\/\/maalaritampere.fi\/index.php?rest_route=\/wp\/v2\/pages\/150"}],"collection":[{"href":"https:\/\/maalaritampere.fi\/index.php?rest_route=\/wp\/v2\/pages"}],"about":[{"href":"https:\/\/maalaritampere.fi\/index.php?rest_route=\/wp\/v2\/types\/page"}],"author":[{"embeddable":true,"href":"https:\/\/maalaritampere.fi\/index.php?rest_route=\/wp\/v2\/users\/1"}],"replies":[{"embeddable":true,"href":"https:\/\/maalaritampere.fi\/index.php?rest_route=%2Fwp%2Fv2%2Fcomments&post=150"}],"version-history":[{"count":46,"href":"https:\/\/maalaritampere.fi\/index.php?rest_route=\/wp\/v2\/pages\/150\/revisions"}],"predecessor-version":[{"id":358,"href":"https:\/\/maalaritampere.fi\/index.php?rest_route=\/wp\/v2\/pages\/150\/revisions\/358"}],"wp:attachment":[{"href":"https:\/\/maalaritampere.fi\/index.php?rest_route=%2Fwp%2Fv2%2Fmedia&parent=150"}],"curies":[{"name":"wp","href":"https:\/\/api.w.org\/{rel}","templated":true}]}}